{"id":445,"date":"2024-11-22T14:05:47","date_gmt":"2024-11-22T14:05:47","guid":{"rendered":"http:\/\/limanmuhendislik.com\/?page_id=445"},"modified":"2024-11-29T11:33:11","modified_gmt":"2024-11-29T11:33:11","slug":"devam-eden-projeler","status":"publish","type":"page","link":"https:\/\/limanmuhendislik.com\/index.php\/devam-eden-projeler\/","title":{"rendered":"Devam Eden Projeler"},"content":{"rendered":"\t\t<div data-elementor-type=\"wp-page\" data-elementor-id=\"445\" class=\"elementor elementor-445\">\n\t\t\t\t\t\t<section class=\"elementor-section elementor-top-section elementor-element elementor-element-2d04751b elementor-section-boxed elementor-section-height-default elementor-section-height-default wpr-particle-no wpr-jarallax-no wpr-parallax-no wpr-sticky-section-no\" data-id=\"2d04751b\" data-element_type=\"section\" data-settings=\"{&quot;background_background&quot;:&quot;classic&quot;,&quot;_ha_eqh_enable&quot;:false}\">\n\t\t\t\t\t\t<div class=\"elementor-container elementor-column-gap-default\">\n\t\t\t\t\t<div class=\"elementor-column elementor-col-100 elementor-top-column elementor-element elementor-element-22f38dfc\" data-id=\"22f38dfc\" data-element_type=\"column\">\n\t\t\t<div class=\"elementor-widget-wrap elementor-element-populated\">\n\t\t\t\t\t\t<div class=\"elementor-element elementor-element-335b0bbc elementor-widget elementor-widget-heading\" data-id=\"335b0bbc\" data-element_type=\"widget\" data-widget_type=\"heading.default\">\n\t\t\t\t<div class=\"elementor-widget-container\">\n\t\t\t<h1 class=\"elementor-heading-title elementor-size-default\">Devam Eden Projeler<\/h1>\t\t<\/div>\n\t\t\t\t<\/div>\n\t\t\t\t\t<\/div>\n\t\t<\/div>\n\t\t\t\t\t<\/div>\n\t\t<\/section>\n\t\t\t\t<section class=\"elementor-section elementor-top-section elementor-element elementor-element-3e215a74 elementor-section-boxed elementor-section-height-default elementor-section-height-default wpr-particle-no wpr-jarallax-no wpr-parallax-no wpr-sticky-section-no\" data-id=\"3e215a74\" data-element_type=\"section\" data-settings=\"{&quot;_ha_eqh_enable&quot;:false}\">\n\t\t\t\t\t\t<div class=\"elementor-container elementor-column-gap-default\">\n\t\t\t\t\t<div class=\"elementor-column elementor-col-100 elementor-top-column elementor-element elementor-element-759d3a59\" data-id=\"759d3a59\" data-element_type=\"column\">\n\t\t\t<div class=\"elementor-widget-wrap elementor-element-populated\">\n\t\t\t\t\t\t<section class=\"elementor-section elementor-inner-section elementor-element elementor-element-4ace7108 elementor-section-boxed elementor-section-height-default elementor-section-height-default wpr-particle-no wpr-jarallax-no wpr-parallax-no wpr-sticky-section-no\" data-id=\"4ace7108\" data-element_type=\"section\" data-settings=\"{&quot;_ha_eqh_enable&quot;:false}\">\n\t\t\t\t\t\t<div class=\"elementor-container elementor-column-gap-default\">\n\t\t\t\t\t<div class=\"elementor-column elementor-col-50 elementor-inner-column elementor-element elementor-element-4e9f90bd\" data-id=\"4e9f90bd\" data-element_type=\"column\">\n\t\t\t<div class=\"elementor-widget-wrap elementor-element-populated\">\n\t\t\t\t\t\t<div data-ha-element-link=\"{&quot;url&quot;:&quot;http:\\\/\\\/cgpozitifmuhendislik.com\\\/mensar-insaat-aslan-konaklari\\\/&quot;,&quot;is_external&quot;:&quot;&quot;,&quot;nofollow&quot;:&quot;&quot;}\" style=\"cursor: pointer\" class=\"elementor-element elementor-element-16a7c8a7 ha-infobox-media-dir-top elementor-widget elementor-widget-ha-infobox happy-addon ha-infobox\" data-id=\"16a7c8a7\" data-element_type=\"widget\" data-widget_type=\"ha-infobox.default\">\n\t\t\t\t<div class=\"elementor-widget-container\">\n\t\t\t\n\t\t\t\t\t<figure class=\"ha-infobox-figure ha-infobox-figure--image\">\n\t\t\t\t<img fetchpriority=\"high\" decoding=\"async\" width=\"1440\" height=\"810\" src=\"http:\/\/limanmuhendislik.com\/wp-content\/uploads\/2024\/11\/f5ac4152-b1e8-446f-ac49-59d4652257cb.jpg\" class=\"elementor-animation-disable-animation attachment-full size-full wp-image-454\" alt=\"\" srcset=\"http:\/\/limanmuhendislik.com\/wp-content\/uploads\/2024\/11\/f5ac4152-b1e8-446f-ac49-59d4652257cb.jpg 1440w, http:\/\/limanmuhendislik.com\/wp-content\/uploads\/2024\/11\/f5ac4152-b1e8-446f-ac49-59d4652257cb-300x169.jpg 300w, http:\/\/limanmuhendislik.com\/wp-content\/uploads\/2024\/11\/f5ac4152-b1e8-446f-ac49-59d4652257cb-1024x576.jpg 1024w, http:\/\/limanmuhendislik.com\/wp-content\/uploads\/2024\/11\/f5ac4152-b1e8-446f-ac49-59d4652257cb-768x432.jpg 768w\" sizes=\"(max-width: 1440px) 100vw, 1440px\" \/>\t\t\t<\/figure>\n\t\t\n\t\t<div class=\"ha-infobox-body\">\n\t\t\t<h1 class=\"ha-infobox-title\">Mensar \u0130n\u015faat - Aslan Konaklar\u0131<\/h1>\n\t\t\t\n\t\t\t<a class=\"ha-btn ha-btn--link\" href=\"https:\/\/limanmuhendislik.com\/index.php\/mensar-insaat-aslan-konaklari\/\"><span class=\"ha-btn-text\">Proje Detaylar\u0131na Bak<\/span><\/a>\t\t<\/div>\n\t\t\t\t<\/div>\n\t\t\t\t<\/div>\n\t\t\t\t<div data-ha-element-link=\"{&quot;url&quot;:&quot;http:\\\/\\\/cgpozitifmuhendislik.com\\\/ozanli-insaat-kalamis\\\/&quot;,&quot;is_external&quot;:&quot;&quot;,&quot;nofollow&quot;:&quot;&quot;}\" style=\"cursor: pointer\" class=\"elementor-element elementor-element-4549aeed ha-infobox-media-dir-top elementor-widget elementor-widget-ha-infobox happy-addon ha-infobox\" data-id=\"4549aeed\" data-element_type=\"widget\" data-widget_type=\"ha-infobox.default\">\n\t\t\t\t<div class=\"elementor-widget-container\">\n\t\t\t\n\t\t\t\t\t<figure class=\"ha-infobox-figure ha-infobox-figure--image\">\n\t\t\t\t<img decoding=\"async\" width=\"1131\" height=\"1600\" src=\"http:\/\/limanmuhendislik.com\/wp-content\/uploads\/2024\/11\/WhatsApp-Gorsel-2022-12-15-saat-13.04.14.jpg\" class=\"elementor-animation-disable-animation attachment-full size-full wp-image-456\" alt=\"\" srcset=\"http:\/\/limanmuhendislik.com\/wp-content\/uploads\/2024\/11\/WhatsApp-Gorsel-2022-12-15-saat-13.04.14.jpg 1131w, http:\/\/limanmuhendislik.com\/wp-content\/uploads\/2024\/11\/WhatsApp-Gorsel-2022-12-15-saat-13.04.14-212x300.jpg 212w, http:\/\/limanmuhendislik.com\/wp-content\/uploads\/2024\/11\/WhatsApp-Gorsel-2022-12-15-saat-13.04.14-724x1024.jpg 724w, http:\/\/limanmuhendislik.com\/wp-content\/uploads\/2024\/11\/WhatsApp-Gorsel-2022-12-15-saat-13.04.14-768x1086.jpg 768w, http:\/\/limanmuhendislik.com\/wp-content\/uploads\/2024\/11\/WhatsApp-Gorsel-2022-12-15-saat-13.04.14-1086x1536.jpg 1086w\" sizes=\"(max-width: 1131px) 100vw, 1131px\" \/>\t\t\t<\/figure>\n\t\t\n\t\t<div class=\"ha-infobox-body\">\n\t\t\t<h1 class=\"ha-infobox-title\">\u00d6zanl\u0131 \u0130n\u015faat - Kalam\u0131\u015f<\/h1>\n\t\t\t\n\t\t\t<a class=\"ha-btn ha-btn--link\" href=\"https:\/\/limanmuhendislik.com\/index.php\/ozanli-insaat-kalamis\/\"><span class=\"ha-btn-text\">Proje Detaylar\u0131na Bak<\/span><\/a>\t\t<\/div>\n\t\t\t\t<\/div>\n\t\t\t\t<\/div>\n\t\t\t\t\t<\/div>\n\t\t<\/div>\n\t\t\t\t<div class=\"elementor-column elementor-col-50 elementor-inner-column elementor-element elementor-element-1da8f1ba\" data-id=\"1da8f1ba\" data-element_type=\"column\">\n\t\t\t<div class=\"elementor-widget-wrap elementor-element-populated\">\n\t\t\t\t\t\t<div data-ha-element-link=\"{&quot;url&quot;:&quot;http:\\\/\\\/cgpozitifmuhendislik.com\\\/mensar-insaat-sunset-mogan\\\/&quot;,&quot;is_external&quot;:&quot;&quot;,&quot;nofollow&quot;:&quot;&quot;}\" style=\"cursor: pointer\" class=\"elementor-element elementor-element-2476b8c6 ha-infobox-media-dir-top elementor-widget elementor-widget-ha-infobox happy-addon ha-infobox\" data-id=\"2476b8c6\" data-element_type=\"widget\" data-widget_type=\"ha-infobox.default\">\n\t\t\t\t<div class=\"elementor-widget-container\">\n\t\t\t\n\t\t\t\t\t<figure class=\"ha-infobox-figure ha-infobox-figure--image\">\n\t\t\t\t<img decoding=\"async\" width=\"1536\" height=\"870\" src=\"http:\/\/limanmuhendislik.com\/wp-content\/uploads\/2024\/11\/image00034-1536x870-1.jpg\" class=\"elementor-animation-disable-animation attachment-full size-full wp-image-458\" alt=\"\" srcset=\"http:\/\/limanmuhendislik.com\/wp-content\/uploads\/2024\/11\/image00034-1536x870-1.jpg 1536w, http:\/\/limanmuhendislik.com\/wp-content\/uploads\/2024\/11\/image00034-1536x870-1-300x170.jpg 300w, http:\/\/limanmuhendislik.com\/wp-content\/uploads\/2024\/11\/image00034-1536x870-1-1024x580.jpg 1024w, http:\/\/limanmuhendislik.com\/wp-content\/uploads\/2024\/11\/image00034-1536x870-1-768x435.jpg 768w\" sizes=\"(max-width: 1536px) 100vw, 1536px\" \/>\t\t\t<\/figure>\n\t\t\n\t\t<div class=\"ha-infobox-body\">\n\t\t\t<h1 class=\"ha-infobox-title\">Mensar \u0130n\u015faat - Sunset Moga<\/h1>\n\t\t\t\n\t\t\t<a class=\"ha-btn ha-btn--link\" href=\"https:\/\/limanmuhendislik.com\/index.php\/mensar-insaat-sunset-mogan\/\"><span class=\"ha-btn-text\">Proje Detaylar\u0131na Bak<\/span><\/a>\t\t<\/div>\n\t\t\t\t<\/div>\n\t\t\t\t<\/div>\n\t\t\t\t<div data-ha-element-link=\"{&quot;url&quot;:&quot;http:\\\/\\\/cgpozitifmuhendislik.com\\\/ozalp-park-konutlari\\\/&quot;,&quot;is_external&quot;:&quot;&quot;,&quot;nofollow&quot;:&quot;&quot;}\" style=\"cursor: pointer\" class=\"elementor-element elementor-element-7a2da446 elementor-widget__width-initial ha-infobox-media-dir-top elementor-widget elementor-widget-ha-infobox happy-addon ha-infobox\" data-id=\"7a2da446\" data-element_type=\"widget\" data-widget_type=\"ha-infobox.default\">\n\t\t\t\t<div class=\"elementor-widget-container\">\n\t\t\t\n\t\t\t\t\t<figure class=\"ha-infobox-figure ha-infobox-figure--image\">\n\t\t\t\t<img loading=\"lazy\" decoding=\"async\" width=\"1600\" height=\"1600\" src=\"http:\/\/limanmuhendislik.com\/wp-content\/uploads\/2024\/11\/IMG-20221121-WA0059.jpg\" class=\"elementor-animation-disable-animation attachment-full size-full wp-image-460\" alt=\"\" srcset=\"http:\/\/limanmuhendislik.com\/wp-content\/uploads\/2024\/11\/IMG-20221121-WA0059.jpg 1600w, http:\/\/limanmuhendislik.com\/wp-content\/uploads\/2024\/11\/IMG-20221121-WA0059-300x300.jpg 300w, http:\/\/limanmuhendislik.com\/wp-content\/uploads\/2024\/11\/IMG-20221121-WA0059-1024x1024.jpg 1024w, http:\/\/limanmuhendislik.com\/wp-content\/uploads\/2024\/11\/IMG-20221121-WA0059-150x150.jpg 150w, http:\/\/limanmuhendislik.com\/wp-content\/uploads\/2024\/11\/IMG-20221121-WA0059-768x768.jpg 768w, http:\/\/limanmuhendislik.com\/wp-content\/uploads\/2024\/11\/IMG-20221121-WA0059-1536x1536.jpg 1536w\" sizes=\"(max-width: 1600px) 100vw, 1600px\" \/>\t\t\t<\/figure>\n\t\t\n\t\t<div class=\"ha-infobox-body\">\n\t\t\t<h1 class=\"ha-infobox-title\">\u00d6zalp Park Konutlar\u0131 - Kartal<\/h1>\n\t\t\t\n\t\t\t<a class=\"ha-btn ha-btn--link\" href=\"https:\/\/limanmuhendislik.com\/index.php\/ozalp-park-konutlari-kartal\/\"><span class=\"ha-btn-text\">Proje Detaylar\u0131na Bak<\/span><\/a>\t\t<\/div>\n\t\t\t\t<\/div>\n\t\t\t\t<\/div>\n\t\t\t\t\t<\/div>\n\t\t<\/div>\n\t\t\t\t\t<\/div>\n\t\t<\/section>\n\t\t\t\t\t<\/div>\n\t\t<\/div>\n\t\t\t\t\t<\/div>\n\t\t<\/section>\n\t\t\t\t<\/div>\n\t\t","protected":false},"excerpt":{"rendered":"<p>Devam Eden Projeler Mensar \u0130n\u015faat &#8211; Aslan Konaklar\u0131 Proje Detaylar\u0131na Bak \u00d6zanl\u0131 \u0130n\u015faat &#8211; Kalam\u0131\u015f Proje Detaylar\u0131na Bak Mensar \u0130n\u015faat &#8211; Sunset Moga Proje Detaylar\u0131na Bak \u00d6zalp Park Konutlar\u0131 &#8211; Kartal Proje Detaylar\u0131na Bak<\/p>\n","protected":false},"author":2,"featured_media":0,"parent":0,"menu_order":0,"comment_status":"closed","ping_status":"closed","template":"","meta":{"footnotes":""},"class_list":["post-445","page","type-page","status-publish","hentry"],"_links":{"self":[{"href":"https:\/\/limanmuhendislik.com\/index.php\/wp-json\/wp\/v2\/pages\/445","targetHints":{"allow":["GET"]}}],"collection":[{"href":"https:\/\/limanmuhendislik.com\/index.php\/wp-json\/wp\/v2\/pages"}],"about":[{"href":"https:\/\/limanmuhendislik.com\/index.php\/wp-json\/wp\/v2\/types\/page"}],"author":[{"embeddable":true,"href":"https:\/\/limanmuhendislik.com\/index.php\/wp-json\/wp\/v2\/users\/2"}],"replies":[{"embeddable":true,"href":"https:\/\/limanmuhendislik.com\/index.php\/wp-json\/wp\/v2\/comments?post=445"}],"version-history":[{"count":13,"href":"https:\/\/limanmuhendislik.com\/index.php\/wp-json\/wp\/v2\/pages\/445\/revisions"}],"predecessor-version":[{"id":1041,"href":"https:\/\/limanmuhendislik.com\/index.php\/wp-json\/wp\/v2\/pages\/445\/revisions\/1041"}],"wp:attachment":[{"href":"https:\/\/limanmuhendislik.com\/index.php\/wp-json\/wp\/v2\/media?parent=445"}],"curies":[{"name":"wp","href":"https:\/\/api.w.org\/{rel}","templated":true}]}}